{"id":2293,"date":"2018-06-08T14:08:19","date_gmt":"2018-06-08T12:08:19","guid":{"rendered":"https:\/\/sankyo-sdt.com\/certificados\/"},"modified":"2018-06-08T14:08:19","modified_gmt":"2018-06-08T12:08:19","slug":"certificados","status":"publish","type":"page","link":"https:\/\/www.sankyo-sdt.com\/en\/certificados\/","title":{"rendered":"Certificados"},"content":{"rendered":"\n<style type=\"text\/css\" data-created_by=\"avia_inline_auto\" id=\"style-css-av-av_one_full-636fd3b65d816f87be1c08bf11704c3e\">\n#top .flex_column.av-av_one_full-636fd3b65d816f87be1c08bf11704c3e{\nmargin-top:-25px;\nmargin-bottom:0px;\n}\n.flex_column.av-av_one_full-636fd3b65d816f87be1c08bf11704c3e{\n-webkit-border-radius:0px 0px 0px 0px;\n-moz-border-radius:0px 0px 0px 0px;\nborder-radius:0px 0px 0px 0px;\npadding:0px 0px 0px 0px;\n}\n.responsive #top #wrap_all .flex_column.av-av_one_full-636fd3b65d816f87be1c08bf11704c3e{\nmargin-top:-25px;\nmargin-bottom:0px;\n}\n<\/style>\n<div class='flex_column av-av_one_full-636fd3b65d816f87be1c08bf11704c3e av_one_full  avia-builder-el-0  el_before_av_layerslider  avia-builder-el-no-sibling  first flex_column_div av-zero-column-padding '     ><\/div>\n<\/div><\/div><\/div><!-- close content main div --><\/div><\/div><div id='layer_slider_1'  class='avia-layerslider main_color avia-shadow  avia-builder-el-2  el_after_av_one_full  el_before_av_one_third  slider-not-first container_wrap fullsize'  style='height: 331px; max-width: 1200px; margin: 0 auto;'  ><\/div><div id='after_layer_slider_1'  class='main_color av_default_container_wrap container_wrap fullsize'  ><div class='container av-section-cont-open' ><div class='template-page content  av-content-full alpha units'><div class='post-entry post-entry-type-page post-entry-2293'><div class='entry-content-wrapper clearfix'>\n\n<style type=\"text\/css\" data-created_by=\"avia_inline_auto\" id=\"style-css-av-av_one_third-c21ddde513fa0677896db718617e1127\">\n.flex_column.av-av_one_third-c21ddde513fa0677896db718617e1127{\n-webkit-border-radius:0px 0px 0px 0px;\n-moz-border-radius:0px 0px 0px 0px;\nborder-radius:0px 0px 0px 0px;\npadding:95px 0px 0px 0px;\n}\n<\/style>\n<div class='flex_column av-av_one_third-c21ddde513fa0677896db718617e1127 av_one_third  avia-builder-el-3  el_after_av_layerslider  el_before_av_one_fourth  avia-builder-el-first  first flex_column_div '     ><style type=\"text\/css\" data-created_by=\"avia_inline_auto\" id=\"style-css-av-av_heading-fe2ed9e0a449d96b038b03ee249b76a4\">\n#top .av-special-heading.av-av_heading-fe2ed9e0a449d96b038b03ee249b76a4{\npadding-bottom:10px;\ncolor:#2d5c88;\n}\nbody .av-special-heading.av-av_heading-fe2ed9e0a449d96b038b03ee249b76a4 .av-special-heading-tag .heading-char{\nfont-size:25px;\n}\n.av-special-heading.av-av_heading-fe2ed9e0a449d96b038b03ee249b76a4 .special-heading-inner-border{\nborder-color:#2d5c88;\n}\n.av-special-heading.av-av_heading-fe2ed9e0a449d96b038b03ee249b76a4 .av-subheading{\nfont-size:15px;\n}\n<\/style>\n<div  class='av-special-heading av-av_heading-fe2ed9e0a449d96b038b03ee249b76a4 av-special-heading-h1 custom-color-heading blockquote modern-quote  avia-builder-el-4  avia-builder-el-no-sibling '><h1 class='av-special-heading-tag'  itemprop=\"headline\"  >Certificados<\/h1><div class=\"special-heading-border\"><div class=\"special-heading-inner-border\"><\/div><\/div><\/div><\/div>\n\n<style type=\"text\/css\" data-created_by=\"avia_inline_auto\" id=\"style-css-av-av_one_fourth-3296ed914bdd0b1517373a8a989da2bb\">\n.flex_column.av-av_one_fourth-3296ed914bdd0b1517373a8a989da2bb{\n-webkit-border-radius:0px 0px 0px 0px;\n-moz-border-radius:0px 0px 0px 0px;\nborder-radius:0px 0px 0px 0px;\npadding:0px 0px 0px 20px;\n}\n<\/style>\n<div class='flex_column av-av_one_fourth-3296ed914bdd0b1517373a8a989da2bb av_one_fourth  avia-builder-el-5  el_after_av_one_third  el_before_av_two_fifth  flex_column_div '     ><style type=\"text\/css\" data-created_by=\"avia_inline_auto\" id=\"style-css-av-av_image-1d05fc7c90c1080b2f8eda45208ffdf4\">\n.avia-image-container.av-av_image-1d05fc7c90c1080b2f8eda45208ffdf4 img.avia_image{\nbox-shadow:none;\n}\n.avia-image-container.av-av_image-1d05fc7c90c1080b2f8eda45208ffdf4 .av-image-caption-overlay-center{\ncolor:#ffffff;\n}\n<\/style>\n<div  class='avia-image-container av-av_image-1d05fc7c90c1080b2f8eda45208ffdf4 av-styling- avia-align-left  avia-builder-el-6  avia-builder-el-no-sibling '   itemprop=\"image\" itemscope=\"itemscope\" itemtype=\"https:\/\/schema.org\/ImageObject\" ><div class=\"avia-image-container-inner\"><div class=\"avia-image-overlay-wrap\"><img decoding=\"async\" class='wp-image-2122 avia-img-lazy-loading-not-2122 avia_image ' src=\"https:\/\/www.sankyo-sdt.com\/wp-content\/uploads\/2018\/06\/g2-tuvrheinland.gif\" alt='' title='Tuvrheinland'  height=\"140\" width=\"140\"  itemprop=\"thumbnailUrl\"  \/><\/div><\/div><\/div><\/div>\n\n<style type=\"text\/css\" data-created_by=\"avia_inline_auto\" id=\"style-css-av-av_two_fifth-3296ed914bdd0b1517373a8a989da2bb\">\n.flex_column.av-av_two_fifth-3296ed914bdd0b1517373a8a989da2bb{\n-webkit-border-radius:0px 0px 0px 0px;\n-moz-border-radius:0px 0px 0px 0px;\nborder-radius:0px 0px 0px 0px;\npadding:0px 0px 0px 20px;\n}\n<\/style>\n<div class='flex_column av-av_two_fifth-3296ed914bdd0b1517373a8a989da2bb av_two_fifth  avia-builder-el-7  el_after_av_one_fourth  el_before_av_one_third  flex_column_div '     ><style type=\"text\/css\" data-created_by=\"avia_inline_auto\" id=\"style-css-av-av_image-34060e68d935f5a2e54a46fe7fa9bdcb\">\n.avia-image-container.av-av_image-34060e68d935f5a2e54a46fe7fa9bdcb img.avia_image{\nbox-shadow:none;\n}\n.avia-image-container.av-av_image-34060e68d935f5a2e54a46fe7fa9bdcb .av-image-caption-overlay-center{\ncolor:#ffffff;\n}\n<\/style>\n<div  class='avia-image-container av-av_image-34060e68d935f5a2e54a46fe7fa9bdcb av-styling- avia-align-left  avia-builder-el-8  avia-builder-el-no-sibling '   itemprop=\"image\" itemscope=\"itemscope\" itemtype=\"https:\/\/schema.org\/ImageObject\" ><div class=\"avia-image-container-inner\"><div class=\"avia-image-overlay-wrap\"><img decoding=\"async\" class='wp-image-2142 avia-img-lazy-loading-not-2142 avia_image ' src=\"https:\/\/www.sankyo-sdt.com\/wp-content\/uploads\/2019\/11\/logo-syder.png\" alt='' title='Syder'  height=\"120\" width=\"304\"  itemprop=\"thumbnailUrl\" srcset=\"https:\/\/www.sankyo-sdt.com\/wp-content\/uploads\/2019\/11\/logo-syder.png 304w, https:\/\/www.sankyo-sdt.com\/wp-content\/uploads\/2019\/11\/logo-syder-300x118.png 300w\" sizes=\"(max-width: 304px) 100vw, 304px\" \/><\/div><\/div><\/div><\/div>\n\n<style type=\"text\/css\" data-created_by=\"avia_inline_auto\" id=\"style-css-av-av_one_third-11e98faf3c2c91882fb07bb6fb9bc603\">\n.flex_column.av-av_one_third-11e98faf3c2c91882fb07bb6fb9bc603{\n-webkit-border-radius:0px 0px 0px 0px;\n-moz-border-radius:0px 0px 0px 0px;\nborder-radius:0px 0px 0px 0px;\npadding:25px 0px 0px 0px;\n}\n<\/style>\n<div class='flex_column av-av_one_third-11e98faf3c2c91882fb07bb6fb9bc603 av_one_third  avia-builder-el-9  el_after_av_two_fifth  el_before_av_one_third  first av-break-at-tablet flex_column_div '     ><p>\n<style type=\"text\/css\" data-created_by=\"avia_inline_auto\" id=\"style-css-av-av_heading-0794ae8b79005f7f0e668a941193b630\">\n#top .av-special-heading.av-av_heading-0794ae8b79005f7f0e668a941193b630{\npadding-bottom:10px;\ncolor:#ffffff;\n}\nbody .av-special-heading.av-av_heading-0794ae8b79005f7f0e668a941193b630 .av-special-heading-tag .heading-char{\nfont-size:25px;\n}\n.av-special-heading.av-av_heading-0794ae8b79005f7f0e668a941193b630 .special-heading-inner-border{\nborder-color:#ffffff;\n}\n.av-special-heading.av-av_heading-0794ae8b79005f7f0e668a941193b630 .av-subheading{\nfont-size:15px;\n}\n<\/style>\n<div  class='av-special-heading av-av_heading-0794ae8b79005f7f0e668a941193b630 av-special-heading-h4 custom-color-heading blockquote modern-quote  avia-builder-el-10  el_before_av_textblock  avia-builder-el-first '><h4 class='av-special-heading-tag'  itemprop=\"headline\"  >GARANT\u00cdA DE CALIDAD<\/h4><div class=\"special-heading-border\"><div class=\"special-heading-inner-border\"><\/div><\/div><\/div><br \/>\n<section  class='av_textblock_section av-av_textblock-2de302bf1aa3cf4c9157dbe6f50ac7eb'  itemscope=\"itemscope\" itemtype=\"https:\/\/schema.org\/CreativeWork\" ><div class='avia_textblock'  itemprop=\"text\" ><p style=\"padding-left: 30px;\"><span class=\"fontstyle0\">SDT garantiza una calidad continua de sus productos, mediante una gesti\u00f3n adecuada de la producci\u00f3n y de los sistemas de control. Este deseo de garantizar la calidad nos llev\u00f3 a obtener en 1.999 el certificado de calidad ISO 9001.<\/span><\/p>\n<p style=\"padding-left: 30px;\"><span class=\"fontstyle0\"> En la actualidad, el sistema de calidad est\u00e1 adecuado a la nueva norma ISO 9001: 2015.<\/span><\/p>\n\n<style type=\"text\/css\" data-created_by=\"avia_inline_auto\" id=\"style-css-av-av_hr-bbe676ee29fcde2ee286114023beb888\">\n#top .hr.hr-invisible.av-av_hr-bbe676ee29fcde2ee286114023beb888{\nheight:15px;\n}\n<\/style>\n<div  class='hr av-av_hr-bbe676ee29fcde2ee286114023beb888 hr-invisible  avia-builder-el-12  avia-builder-el-no-sibling '><span class='hr-inner '><span class=\"hr-inner-style\"><\/span><\/span><\/div>\n<p><a href=\"https:\/\/sankyo-sdt.com\/wp-content\/uploads\/2023\/03\/0.04.17022_Main_ES.pdf\" target=\"_blank\" rel=\"noopener\">Ver certificado &gt;<\/a><\/p>\n<hr \/>\n<\/div><\/section><\/p><\/div>\n\n<style type=\"text\/css\" data-created_by=\"avia_inline_auto\" id=\"style-css-av-av_one_third-1fe637cb36b2a00be26deba39cbff2dc\">\n.flex_column.av-av_one_third-1fe637cb36b2a00be26deba39cbff2dc{\n-webkit-border-radius:0px 0px 0px 0px;\n-moz-border-radius:0px 0px 0px 0px;\nborder-radius:0px 0px 0px 0px;\npadding:25px 0px 0px 0px;\n}\n<\/style>\n<div class='flex_column av-av_one_third-1fe637cb36b2a00be26deba39cbff2dc av_one_third  avia-builder-el-13  el_after_av_one_third  el_before_av_one_third  av-break-at-tablet flex_column_div '     ><p>\n<style type=\"text\/css\" data-created_by=\"avia_inline_auto\" id=\"style-css-av-av_heading-22a96160aae53da144f8fd836dc1f295\">\n#top .av-special-heading.av-av_heading-22a96160aae53da144f8fd836dc1f295{\npadding-bottom:10px;\ncolor:#ffffff;\n}\nbody .av-special-heading.av-av_heading-22a96160aae53da144f8fd836dc1f295 .av-special-heading-tag .heading-char{\nfont-size:25px;\n}\n.av-special-heading.av-av_heading-22a96160aae53da144f8fd836dc1f295 .special-heading-inner-border{\nborder-color:#ffffff;\n}\n.av-special-heading.av-av_heading-22a96160aae53da144f8fd836dc1f295 .av-subheading{\nfont-size:15px;\n}\n<\/style>\n<div  class='av-special-heading av-av_heading-22a96160aae53da144f8fd836dc1f295 av-special-heading-h4 custom-color-heading blockquote modern-quote  avia-builder-el-14  el_before_av_textblock  avia-builder-el-first '><h4 class='av-special-heading-tag'  itemprop=\"headline\"  >DIRECTIVA DE EQUIPOS A PRESI\u00d3N<\/h4><div class=\"special-heading-border\"><div class=\"special-heading-inner-border\"><\/div><\/div><\/div><br \/>\n<section  class='av_textblock_section av-av_textblock-2de302bf1aa3cf4c9157dbe6f50ac7eb'  itemscope=\"itemscope\" itemtype=\"https:\/\/schema.org\/CreativeWork\" ><div class='avia_textblock'  itemprop=\"text\" ><p style=\"padding-left: 30px;\">SDT cumple con la Directiva de Equipos a Presi\u00f3n PED 2014\/68\/UE, la cual establece los requisitos reglamentarios para el dise\u00f1o, fabricaci\u00f3n, inspecci\u00f3n y certificaci\u00f3n de equipos a presi\u00f3n que vayan a ser instalados dentro del mercado del \u00c1rea Econ\u00f3mica Europea<\/p>\n\n<style type=\"text\/css\" data-created_by=\"avia_inline_auto\" id=\"style-css-av-av_hr-bbe676ee29fcde2ee286114023beb888\">\n#top .hr.hr-invisible.av-av_hr-bbe676ee29fcde2ee286114023beb888{\nheight:15px;\n}\n<\/style>\n<div  class='hr av-av_hr-bbe676ee29fcde2ee286114023beb888 hr-invisible  avia-builder-el-16  avia-builder-el-no-sibling '><span class='hr-inner '><span class=\"hr-inner-style\"><\/span><\/span><\/div>\n<hr \/>\n<\/div><\/section><\/p><\/div>\n\n<style type=\"text\/css\" data-created_by=\"avia_inline_auto\" id=\"style-css-av-av_one_third-1fe637cb36b2a00be26deba39cbff2dc\">\n.flex_column.av-av_one_third-1fe637cb36b2a00be26deba39cbff2dc{\n-webkit-border-radius:0px 0px 0px 0px;\n-moz-border-radius:0px 0px 0px 0px;\nborder-radius:0px 0px 0px 0px;\npadding:25px 0px 0px 0px;\n}\n<\/style>\n<div class='flex_column av-av_one_third-1fe637cb36b2a00be26deba39cbff2dc av_one_third  avia-builder-el-17  el_after_av_one_third  avia-builder-el-last  av-break-at-tablet flex_column_div '     ><p>\n<style type=\"text\/css\" data-created_by=\"avia_inline_auto\" id=\"style-css-av-av_heading-3e505863ad1adbb8a8883ac8c8a3d173\">\n#top .av-special-heading.av-av_heading-3e505863ad1adbb8a8883ac8c8a3d173{\npadding-bottom:10px;\ncolor:#ffffff;\n}\nbody .av-special-heading.av-av_heading-3e505863ad1adbb8a8883ac8c8a3d173 .av-special-heading-tag .heading-char{\nfont-size:25px;\n}\n.av-special-heading.av-av_heading-3e505863ad1adbb8a8883ac8c8a3d173 .special-heading-inner-border{\nborder-color:#ffffff;\n}\n.av-special-heading.av-av_heading-3e505863ad1adbb8a8883ac8c8a3d173 .av-subheading{\nfont-size:15px;\n}\n<\/style>\n<div  class='av-special-heading av-av_heading-3e505863ad1adbb8a8883ac8c8a3d173 av-special-heading-h4 custom-color-heading blockquote modern-quote  avia-builder-el-18  el_before_av_textblock  avia-builder-el-first '><h4 class='av-special-heading-tag'  itemprop=\"headline\"  >MEDIO AMBIENTE<\/h4><div class=\"special-heading-border\"><div class=\"special-heading-inner-border\"><\/div><\/div><\/div><br \/>\n<section  class='av_textblock_section av-av_textblock-2de302bf1aa3cf4c9157dbe6f50ac7eb'  itemscope=\"itemscope\" itemtype=\"https:\/\/schema.org\/CreativeWork\" ><div class='avia_textblock'  itemprop=\"text\" ><p style=\"padding-left: 30px;\">La defensa de nuestro medio ambiente es uno de los retos m\u00e1s importantes en el que el equipo de SDT est\u00e1 trabajando en la actualidad.<\/p>\n<p style=\"padding-left: 30px;\">Esto condujo a obtener en el a\u00f1o 2.002 el certificado de Sistema de Gesti\u00f3n Medioambiental ISO 14001, sistema encargado de la regulaci\u00f3n de todo lo relacionado con el medio ambiente.<\/p>\n<p style=\"padding-left: 30px;\">En la actualidad, el sistema de Gesti\u00f3n Medioambiental est\u00e1 adecuado a la nueva norma ISO 14001:2015.<\/p>\n\n<style type=\"text\/css\" data-created_by=\"avia_inline_auto\" id=\"style-css-av-av_hr-bbe676ee29fcde2ee286114023beb888\">\n#top .hr.hr-invisible.av-av_hr-bbe676ee29fcde2ee286114023beb888{\nheight:15px;\n}\n<\/style>\n<div  class='hr av-av_hr-bbe676ee29fcde2ee286114023beb888 hr-invisible  avia-builder-el-20  avia-builder-el-no-sibling '><span class='hr-inner '><span class=\"hr-inner-style\"><\/span><\/span><\/div>\n<p><a href=\"https:\/\/sankyo-sdt.com\/wp-content\/uploads\/2023\/03\/3.00.17003_Main_ES.pdf\" target=\"_blank\" rel=\"noopener\">Ver certificado &gt;<\/a><\/p>\n<hr \/>\n<\/div><\/section><\/p><\/div>\n","protected":false},"excerpt":{"rendered":"","protected":false},"author":1,"featured_media":0,"parent":0,"menu_order":6,"comment_status":"closed","ping_status":"closed","template":"","meta":{"footnotes":""},"class_list":["post-2293","page","type-page","status-publish","hentry"],"yoast_head":"<!-- This site is optimized with the Yoast SEO plugin v27.3 - https:\/\/yoast.com\/product\/yoast-seo-wordpress\/ -->\n<title>Certificados - Sankyo<\/title>\n<meta name=\"robots\" content=\"index, follow, max-snippet:-1, max-image-preview:large, max-video-preview:-1\" \/>\n<link rel=\"canonical\" href=\"https:\/\/www.sankyo-sdt.com\/certificados\/\" \/>\n<meta property=\"og:locale\" content=\"en_US\" \/>\n<meta property=\"og:type\" content=\"article\" \/>\n<meta property=\"og:title\" content=\"Certificados - Sankyo\" \/>\n<meta property=\"og:url\" content=\"https:\/\/www.sankyo-sdt.com\/certificados\/\" \/>\n<meta property=\"og:site_name\" content=\"Sankyo\" \/>\n<meta name=\"twitter:card\" content=\"summary_large_image\" \/>\n<meta name=\"twitter:label1\" content=\"Est. reading time\" \/>\n\t<meta name=\"twitter:data1\" content=\"6 minutes\" \/>\n<script type=\"application\/ld+json\" class=\"yoast-schema-graph\">{\"@context\":\"https:\\\/\\\/schema.org\",\"@graph\":[{\"@type\":\"WebPage\",\"@id\":\"https:\\\/\\\/www.sankyo-sdt.com\\\/certificados\\\/\",\"url\":\"https:\\\/\\\/www.sankyo-sdt.com\\\/certificados\\\/\",\"name\":\"Certificados - Sankyo\",\"isPartOf\":{\"@id\":\"https:\\\/\\\/www.sankyo-sdt.com\\\/#website\"},\"datePublished\":\"2018-06-08T12:08:19+00:00\",\"breadcrumb\":{\"@id\":\"https:\\\/\\\/www.sankyo-sdt.com\\\/certificados\\\/#breadcrumb\"},\"inLanguage\":\"en-US\",\"potentialAction\":[{\"@type\":\"ReadAction\",\"target\":[\"https:\\\/\\\/www.sankyo-sdt.com\\\/certificados\\\/\"]}]},{\"@type\":\"BreadcrumbList\",\"@id\":\"https:\\\/\\\/www.sankyo-sdt.com\\\/certificados\\\/#breadcrumb\",\"itemListElement\":[{\"@type\":\"ListItem\",\"position\":1,\"name\":\"Portada\",\"item\":\"https:\\\/\\\/www.sankyo-sdt.com\\\/en\\\/\"},{\"@type\":\"ListItem\",\"position\":2,\"name\":\"Certificados\"}]},{\"@type\":\"WebSite\",\"@id\":\"https:\\\/\\\/www.sankyo-sdt.com\\\/#website\",\"url\":\"https:\\\/\\\/www.sankyo-sdt.com\\\/\",\"name\":\"Sankyo\",\"description\":\"SDT Sankyo Desarrollos T\u00e9cnicos\",\"potentialAction\":[{\"@type\":\"SearchAction\",\"target\":{\"@type\":\"EntryPoint\",\"urlTemplate\":\"https:\\\/\\\/www.sankyo-sdt.com\\\/?s={search_term_string}\"},\"query-input\":{\"@type\":\"PropertyValueSpecification\",\"valueRequired\":true,\"valueName\":\"search_term_string\"}}],\"inLanguage\":\"en-US\"}]}<\/script>\n<!-- \/ Yoast SEO plugin. -->","yoast_head_json":{"title":"Certificados - Sankyo","robots":{"index":"index","follow":"follow","max-snippet":"max-snippet:-1","max-image-preview":"max-image-preview:large","max-video-preview":"max-video-preview:-1"},"canonical":"https:\/\/www.sankyo-sdt.com\/certificados\/","og_locale":"en_US","og_type":"article","og_title":"Certificados - Sankyo","og_url":"https:\/\/www.sankyo-sdt.com\/certificados\/","og_site_name":"Sankyo","twitter_card":"summary_large_image","twitter_misc":{"Est. reading time":"6 minutes"},"schema":{"@context":"https:\/\/schema.org","@graph":[{"@type":"WebPage","@id":"https:\/\/www.sankyo-sdt.com\/certificados\/","url":"https:\/\/www.sankyo-sdt.com\/certificados\/","name":"Certificados - Sankyo","isPartOf":{"@id":"https:\/\/www.sankyo-sdt.com\/#website"},"datePublished":"2018-06-08T12:08:19+00:00","breadcrumb":{"@id":"https:\/\/www.sankyo-sdt.com\/certificados\/#breadcrumb"},"inLanguage":"en-US","potentialAction":[{"@type":"ReadAction","target":["https:\/\/www.sankyo-sdt.com\/certificados\/"]}]},{"@type":"BreadcrumbList","@id":"https:\/\/www.sankyo-sdt.com\/certificados\/#breadcrumb","itemListElement":[{"@type":"ListItem","position":1,"name":"Portada","item":"https:\/\/www.sankyo-sdt.com\/en\/"},{"@type":"ListItem","position":2,"name":"Certificados"}]},{"@type":"WebSite","@id":"https:\/\/www.sankyo-sdt.com\/#website","url":"https:\/\/www.sankyo-sdt.com\/","name":"Sankyo","description":"SDT Sankyo Desarrollos T\u00e9cnicos","potentialAction":[{"@type":"SearchAction","target":{"@type":"EntryPoint","urlTemplate":"https:\/\/www.sankyo-sdt.com\/?s={search_term_string}"},"query-input":{"@type":"PropertyValueSpecification","valueRequired":true,"valueName":"search_term_string"}}],"inLanguage":"en-US"}]}},"_links":{"self":[{"href":"https:\/\/www.sankyo-sdt.com\/en\/wp-json\/wp\/v2\/pages\/2293","targetHints":{"allow":["GET"]}}],"collection":[{"href":"https:\/\/www.sankyo-sdt.com\/en\/wp-json\/wp\/v2\/pages"}],"about":[{"href":"https:\/\/www.sankyo-sdt.com\/en\/wp-json\/wp\/v2\/types\/page"}],"author":[{"embeddable":true,"href":"https:\/\/www.sankyo-sdt.com\/en\/wp-json\/wp\/v2\/users\/1"}],"replies":[{"embeddable":true,"href":"https:\/\/www.sankyo-sdt.com\/en\/wp-json\/wp\/v2\/comments?post=2293"}],"version-history":[{"count":0,"href":"https:\/\/www.sankyo-sdt.com\/en\/wp-json\/wp\/v2\/pages\/2293\/revisions"}],"wp:attachment":[{"href":"https:\/\/www.sankyo-sdt.com\/en\/wp-json\/wp\/v2\/media?parent=2293"}],"curies":[{"name":"wp","href":"https:\/\/api.w.org\/{rel}","templated":true}]}}